{"id":24341,"date":"2016-01-31T03:21:57","date_gmt":"2016-01-31T02:21:57","guid":{"rendered":"http:\/\/chrisandruth.com\/?page_id=24341"},"modified":"2020-04-13T09:42:28","modified_gmt":"2020-04-13T07:42:28","slug":"datenschutz","status":"publish","type":"page","link":"https:\/\/chrisandruth.com\/de\/datenschutz\/","title":{"rendered":"Data Protection"},"content":{"rendered":"<h1><\/h1>\n<p>Pol\u00edtica de privacidad:<br \/>\nInformaci\u00f3n general<\/p>\n<p>Los operadores de estas p\u00e1ginas se toman muy en serio la protecci\u00f3n de sus datos personales. Tratamos sus datos personales de forma confidencial y de acuerdo con las normas legales de protecci\u00f3n de datos y esta pol\u00edtica de privacidad. Las siguientes notas ofrecen una descripci\u00f3n general de lo que sucede con su informaci\u00f3n personal cuando visita nuestro sitio web. Datos personales son todos los datos que lo identifican personalmente. El uso de nuestro sitio web suele ser posible sin proporcionar informaci\u00f3n personal. En lo que respecta a nuestros datos personales (por ejemplo, nombre, direcci\u00f3n o direcciones de correo electr\u00f3nico), estos se realizan, en la medida de lo posible, siempre en base a freiwilliger. Estos datos no se divulgar\u00e1n a terceros sin su consentimiento expl\u00edcito. Tenga en cuenta que la transmisi\u00f3n de datos a trav\u00e9s de Internet (por ejemplo, cuando se comunica por correo electr\u00f3nico) puede tener vulnerabilidades de seguridad. Una protecci\u00f3n completa de los datos de acceso por parte de terceros no es posible.<\/p>\n<p>La unidad de procesamiento de datos responsable en este sitio web es:<\/p>\n<p>Christof Schmidt<\/p>\n<p>Correo: hello@chrisandruth.com<\/p>\n<p>\u00bfQui\u00e9n es responsable de la recopilaci\u00f3n de datos en este sitio web?<\/p>\n<p>El procesamiento de datos en este sitio web es realizado por el operador del sitio web. Sus datos de contacto se pueden encontrar en la huella de este sitio web.<\/p>\n<p>\u00bfC\u00f3mo recopilamos sus datos?<\/p>\n<p>Sus datos ser\u00e1n recogidos por un lado, que usted nos diga. Esto puede ser por ejemplo para intercambiar datos que usted ingresa en un formulario de contacto. Otros datos se recopilan autom\u00e1ticamente al visitar el sitio web a trav\u00e9s de nuestros sistemas de TI. Estos son, ante todo, datos t\u00e9cnicos (por ejemplo, navegador de Internet, sistema operativo u hora de solicitud de la p\u00e1gina). La recopilaci\u00f3n de estos datos es autom\u00e1tica tan pronto como ingrese a nuestro sitio web.<\/p>\n<p>\u00bfPara qu\u00e9 utilizamos sus datos?<\/p>\n<p>Parte de los datos se recopilan para garantizar una provisi\u00f3n impecable del sitio web. Se pueden utilizar otros datos para analizar el comportamiento de su usuario.<\/p>\n<p>\u00bfQu\u00e9 derechos tienes sobre tus datos?<\/p>\n<p>En cualquier momento, tiene derecho a obtener informaci\u00f3n gratuita sobre el origen, el destinatario y el prop\u00f3sito de sus datos personales almacenados. Tambi\u00e9n tiene derecho a solicitar la correcci\u00f3n, el bloqueo o la eliminaci\u00f3n de estos datos. Para este prop\u00f3sito y para otras preguntas sobre la protecci\u00f3n de datos, puede contactarnos en cualquier momento en la direcci\u00f3n que figura en la impresi\u00f3n. Adem\u00e1s, tiene derecho a apelar ante la autoridad de supervisi\u00f3n competente.<\/p>\n<p>Cookies<\/p>\n<p>Las p\u00e1ginas de internet utilizan parcialmente las llamadas cookies. Las cookies no da\u00f1an su computadora y no contienen virus. Las cookies sirven para hacer que nuestra oferta sea m\u00e1s f\u00e1cil de usar, efectiva y segura. Las cookies son peque\u00f1os archivos de texto que se almacenan en su computadora y almacenan en su navegador.<\/p>\n<p>La mayor\u00eda de las cookies que utilizamos son las llamadas \u201ccookies de sesi\u00f3n\u201d. Se eliminar\u00e1n autom\u00e1ticamente al final de su visita. Otras cookies permanecen almacenadas en su dispositivo hasta que las elimine. Estas cookies nos permiten reconocer su navegador la pr\u00f3xima vez que visite.<\/p>\n<p>Puede configurar su navegador para que se le informe sobre la configuraci\u00f3n de cookies y permita cookies solo en casos individuales, la aceptaci\u00f3n de cookies para ciertos casos o, en general, excluya y habilite la eliminaci\u00f3n autom\u00e1tica de cookies al cerrar el navegador. Deshabilitar las cookies puede limitar la funcionalidad de este sitio web.<\/p>\n<p>Archivos de registro del servidor<\/p>\n<p>El proveedor de las p\u00e1ginas recopila y almacena autom\u00e1ticamente la informaci\u00f3n en los llamados<br \/>\nArchivos de registro del servidor que su navegador nos env\u00eda autom\u00e1ticamente. Estos son:<\/p>\n<p>Tipo de navegador y versi\u00f3n del navegador.<br \/>\nsistema operativo usado<br \/>\nURL de referencia<br \/>\nNombre de host de la computadora que accede<br \/>\nHora de la solicitud del servidor.<br \/>\nEstos datos<br \/>\nNo son asignables a personas espec\u00edficas. No se realizar\u00e1 una combinaci\u00f3n de estos datos con otras fuentes de datos. Nos reservamos el derecho de a\u00f1adir estos datos retrospectivamente.<br \/>\nCompruebe si somos conscientes de indicaciones concretas de uso ilegal.<\/p>\n<p>Contacto<\/p>\n<p>Si nos env\u00eda sus consultas a trav\u00e9s del formulario de contacto, sus datos se incluir\u00e1n en el formulario de consulta, incluido el suyo all\u00ed.<br \/>\nDetalles de contacto especificados para procesar la solicitud y en caso de preguntas de seguimiento.<br \/>\nSalvado con nosotros. No compartiremos esta informaci\u00f3n sin su consentimiento.<\/p>\n<p>bolet\u00edn de datos<\/p>\n<p>Si desea recibir el bolet\u00edn que se ofrece en el sitio web, le solicitamos una direcci\u00f3n de correo electr\u00f3nico, as\u00ed como informaci\u00f3n que nos permita verificar que usted es el propietario de la direcci\u00f3n de correo electr\u00f3nico proporcionada y con<br \/>\nAceptar la recepci\u00f3n del bolet\u00edn. No se recogen m\u00e1s datos. Utilizamos estos datos exclusivamente para la entrega de la informaci\u00f3n solicitada y no la pasamos a terceros.<\/p>\n<p>El consentimiento dado para el almacenamiento de los datos, la direcci\u00f3n de correo electr\u00f3nico<br \/>\nAdem\u00e1s de su uso para enviar el bolet\u00edn, puede retirarlo en cualquier momento, por ejemplo.<br \/>\na trav\u00e9s del enlace \u201cdarse de baja\u201d en el bolet\u00edn.<\/p>\n<p>Google Analytics<\/p>\n<p>Este sitio web utiliza funciones del servicio de an\u00e1lisis web Google Analytics. El proveedor es Google Inc., 1600 Amphitheater Parkway Mountain View, CA 94043, EE. UU.<\/p>\n<p>Google Analytics utiliza las llamadas \u201ccookies\u201d. Estos son archivos de texto que se almacenan en su computadora y que le permiten un an\u00e1lisis del uso del sitio web por usted. La informaci\u00f3n generada por la cookie acerca de su uso de este sitio web generalmente se env\u00eda a un servidor de Google<br \/>\nTransmitido en los Estados Unidos y almacenado all\u00ed.<\/p>\n<p>Complemento del navegador<\/p>\n<p>Puede evitar el almacenamiento de cookies mediante la configuraci\u00f3n correspondiente del software de su navegador; sin embargo, tenga en cuenta que si hace esto, es posible que no pueda utilizar todas las funciones de este sitio web en la mayor medida posible. Usted puede<br \/>\nAdem\u00e1s, la colecci\u00f3n de Google de los datos generados por la cookie y relacionados con su uso del sitio web (incluida su direcci\u00f3n IP), as\u00ed como el procesamiento de estos datos por parte de Google, descargando e instalando el complemento del navegador disponible en el siguiente enlace : https:\/\/tools.google.com\/dlpage\/gaoptout?hl=es<\/p>\n<p>Oposici\u00f3n a la recopilaci\u00f3n de datos<\/p>\n<p>Puede evitar que Google Analytics recopile sus datos haciendo clic en el siguiente enlace. Se establece una cookie de exclusi\u00f3n, que captura<br \/>\nEvitar que sus datos visiten este sitio en el futuro: deshabilite Google Analytics<\/p>\n<p>M\u00e1s informaci\u00f3n sobre<br \/>\nLa forma de manejar los datos de usuario en Google Analytics se puede encontrar en la Pol\u00edtica de privacidad de Google:<br \/>\nhttps:\/\/support.google.com\/analytics\/answer\/6004245?hl=de<\/p>\n<p>Caracter\u00edsticas de Demografis en Google Analytics<\/p>\n<p>Este sitio web utiliza la funci\u00f3n demogr\u00e1fica de Google Analytics. Como resultado, se pueden producir informes que contienen declaraciones sobre la edad, el g\u00e9nero y los intereses de los visitantes del sitio. Estos datos provienen de publicidad basada en intereses de Google y datos de visitantes de terceros. Estos datos no pueden ser asignados a una persona espec\u00edfica. Puede desactivar esta funci\u00f3n en cualquier momento a trav\u00e9s de la configuraci\u00f3n de anuncios en su cuenta de Google, o Google Analytics recopila sus datos como se describe en la secci\u00f3n \u201cOposici\u00f3n a la recopilaci\u00f3n de datos\u201d<br \/>\nEn general, prohibir.<\/p>\n<p>Complementos de Facebook (como el bot\u00f3n)<\/p>\n<p>En nuestro<br \/>\nLas p\u00e1ginas son complementos de la red social Facebook, proveedor Facebook Inc., 1 Hacker Way, Menlo<br \/>\nPark, California 94025, USA. Los complementos de Facebook pueden ser reconocidos por el logotipo de Facebook o<br \/>\nel \u201cbot\u00f3n de Me gusta\u201d (\u201cMe gusta\u201d) en nuestro sitio. Puede encontrar una descripci\u00f3n general de los complementos de Facebook aqu\u00ed: https:\/\/developers.facebook.com\/docs\/plugins\/.<\/p>\n<p>Cuando visita nuestras p\u00e1ginas, el complemento establece una conexi\u00f3n directa entre su navegador y el servidor de Facebook. Facebook recibe la informaci\u00f3n que tienes con tu IP.<br \/>\nDirecci\u00f3n visit\u00f3 nuestro sitio. Si hace clic en el bot\u00f3n \u201cMe gusta\u201d de Facebook mientras est\u00e1<br \/>\nSi ha iniciado sesi\u00f3n en su cuenta de Facebook, puede vincular el contenido de nuestras p\u00e1ginas a su perfil de Facebook. Esto permite a Facebook visitar nuestras p\u00e1ginas de su cuenta de usuario.<br \/>\nche<\/p>\n<p>asignar. Se\u00f1alamos que nosotros, como proveedores de las p\u00e1ginas, no conocemos el contenido de los datos transmitidos y su uso por Facebook. Para obtener m\u00e1s informaci\u00f3n, consulte la Pol\u00edtica de privacidad de Facebook en https:\/\/de-de.facebook.com\/policy.php.<\/p>\n<p>Si no desea que Facebook asocie su visita a nuestras p\u00e1ginas con su cuenta de usuario de Facebook, cierre la sesi\u00f3n de su cuenta de usuario de Facebook.<\/p>\n<p>Twitter<\/p>\n<p>En nuestras p\u00e1ginas se incluyen las funciones del servicio Twitter. Estas caracter\u00edsticas est\u00e1n disponibles a trav\u00e9s de Twitter Inc., 1355 Market Street, Suite 900, San Francisco, CA 94103, EE. UU. Al utilizar Twitter y la funci\u00f3n \u201cRe-Tweet\u201d, los sitios web que visite se vincular\u00e1n a su cuenta de Twitter y se compartir\u00e1n con otros usuarios. Esta informaci\u00f3n tambi\u00e9n se transmite a Twitter. Se\u00f1alamos que nosotros, como proveedores de las p\u00e1ginas, no conocemos el contenido de los datos transmitidos y su uso por Twitter. Para obtener m\u00e1s informaci\u00f3n, consulte la Pol\u00edtica de privacidad de Twitter en https:\/\/twitter.com\/privacy.<\/p>\n<p>Puede cambiar su configuraci\u00f3n de privacidad en Twitter en la configuraci\u00f3n de la cuenta en: https:\/\/twitter.com\/account\/settings.<\/p>\n<p>Instagram<\/p>\n<p>Las funciones del servicio Instagram est\u00e1n integradas en nuestros costados. Estas caracter\u00edsticas las proporciona Instagram Inc., 1601 Willow Road, Menlo Park, CA, 94025, Estados Unidos. Si ha iniciado sesi\u00f3n en su cuenta de Instagram, puede vincular el contenido de nuestras p\u00e1ginas a su perfil de Instagram haciendo clic en el bot\u00f3n de Instagram. Esto permite a Instagram asociar la visita a nuestras p\u00e1ginas con su cuenta de usuario. Se\u00f1alamos que nosotros, como proveedores de las p\u00e1ginas, no conocemos el contenido de los datos transmitidos y su uso por parte de Instagram.<\/p>\n<p>Para obtener m\u00e1s informaci\u00f3n, consulte la Pol\u00edtica de privacidad de Instagram: https:\/\/instagram.com\/about\/legal\/privacy\/<\/p>\n<p>Pinterest<\/p>\n<p>En nuestro sitio, utilizamos complementos sociales de la red social Pinterest operada por Pinterest Inc., 808 Brannan Street, San Francisco, CA 94103-490, EE. UU. (\u201cPinterest\u201d). Cuando visita una p\u00e1gina que contiene dicho complemento, su navegador se conecta directamente a los servidores de Pinterest. El complemento transmite datos de protocolo al servidor de Pinterest en los Estados Unidos. Estos datos de registro pueden incluir su direcci\u00f3n IP, la direcci\u00f3n de los sitios web visitados, que tambi\u00e9n incluye las funciones de Pinterest, el tipo de navegador y la configuraci\u00f3n, la fecha y hora de la solicitud, c\u00f3mo utiliza Pinterest y las cookies.<\/p>\n<p>Para obtener m\u00e1s informaci\u00f3n sobre el prop\u00f3sito, el alcance y el procesamiento y uso adicional de los datos por Pinterest, as\u00ed como sus derechos y formas de proteger su privacidad, consulte la pol\u00edtica de privacidad de Pinterest: https:\/\/about.pinterest.com\/privacy-policy<\/p>\n<p>YouTube<\/p>\n<p>Nuestro sitio web utiliza complementos de la p\u00e1gina de YouTube impulsada por Google. El operador del sitio es YouTube, LLC, 901 Cherry Ave., San Bruno, CA 94066, EE. UU. Cuando visite uno de nuestros sitios habilitados para el complemento de YouTube, estar\u00e1 conectado a los servidores de YouTube. Esto le dice al servidor de Youtube\u00a0\u00bfCu\u00e1l de nuestras p\u00e1ginas has visitado?<\/p>\n<p>Si ha iniciado sesi\u00f3n en su cuenta de YouTube, YouTube le permite asociar su comportamiento de navegaci\u00f3n directamente con su perfil personal. Puedes evitar esto cerrando sesi\u00f3n en tu cuenta de YouTube.<\/p>\n<p>Para obtener m\u00e1s informaci\u00f3n sobre c\u00f3mo manejar los datos de usuario, consulte la Pol\u00edtica de privacidad de YouTube en https:\/\/www.google.com\/intl\/en\/policies\/privacy<\/p>\n<p>Comentarios sobre este sitio web<\/p>\n<p>Adem\u00e1s de su comentario, la funci\u00f3n de comentarios en esta p\u00e1gina tambi\u00e9n incluir\u00e1 informaci\u00f3n sobre cu\u00e1ndo se cre\u00f3 el comentario y, si no es an\u00f3nimo, el nombre de su nombre de usuario elegido.<\/p>\n<p>Derecho de informaci\u00f3n, cancelaci\u00f3n, bloqueo.<\/p>\n<p>En cualquier momento, tiene derecho a obtener informaci\u00f3n gratuita sobre sus datos personales almacenados, su origen y destinatario y el prop\u00f3sito del procesamiento de los datos y el derecho de corregir, bloquear o eliminar estos datos. Para obtener m\u00e1s informaci\u00f3n sobre los datos personales, puede contactarnos en cualquier momento en la direcci\u00f3n que figura en la impresi\u00f3n.<\/p>\n","protected":false},"excerpt":{"rendered":"<p>Pol\u00edtica de privacidad: Informaci\u00f3n general Los operadores de estas p\u00e1ginas se toman muy en serio la protecci\u00f3n de sus datos personales. Tratamos sus datos personales de forma confidencial y de acuerdo con las normas legales de protecci\u00f3n de datos y esta pol\u00edtica de privacidad. Las siguientes notas ofrecen una descripci\u00f3n general de lo que sucede&#8230;<\/p>\n","protected":false},"author":1,"featured_media":0,"parent":0,"menu_order":0,"comment_status":"closed","ping_status":"closed","template":"","meta":{"_kad_blocks_custom_css":"","_kad_blocks_head_custom_js":"","_kad_blocks_body_custom_js":"","_kad_blocks_footer_custom_js":"","_exactmetrics_skip_tracking":false,"_exactmetrics_sitenote_active":false,"_exactmetrics_sitenote_note":"","_exactmetrics_sitenote_category":0,"_kad_post_transparent":"","_kad_post_title":"","_kad_post_layout":"","_kad_post_sidebar_id":"","_kad_post_content_style":"","_kad_post_vertical_padding":"","_kad_post_feature":"","_kad_post_feature_position":"","_kad_post_header":false,"_kad_post_footer":false,"footnotes":""},"class_list":["post-24341","page","type-page","status-publish","hentry"],"yoast_head":"<!-- This site is optimized with the Yoast SEO plugin v23.5 - https:\/\/yoast.com\/wordpress\/plugins\/seo\/ -->\n<title>Data Protection - Chris and Ruth Photography<\/title>\n<meta name=\"robots\" content=\"index, follow, max-snippet:-1, max-image-preview:large, max-video-preview:-1\" \/>\n<link rel=\"canonical\" href=\"https:\/\/chrisandruth.com\/de\/datenschutz\/\" \/>\n<meta property=\"og:locale\" content=\"de_DE\" \/>\n<meta property=\"og:type\" content=\"article\" \/>\n<meta property=\"og:title\" content=\"Data Protection - Chris and Ruth Photography\" \/>\n<meta property=\"og:description\" content=\"Pol\u00edtica de privacidad: Informaci\u00f3n general Los operadores de estas p\u00e1ginas se toman muy en serio la protecci\u00f3n de sus datos personales. Tratamos sus datos personales de forma confidencial y de acuerdo con las normas legales de protecci\u00f3n de datos y esta pol\u00edtica de privacidad. Las siguientes notas ofrecen una descripci\u00f3n general de lo que sucede...\" \/>\n<meta property=\"og:url\" content=\"https:\/\/chrisandruth.com\/de\/datenschutz\/\" \/>\n<meta property=\"og:site_name\" content=\"Chris and Ruth Photography\" \/>\n<meta property=\"article:modified_time\" content=\"2020-04-13T07:42:28+00:00\" \/>\n<meta name=\"twitter:card\" content=\"summary_large_image\" \/>\n<meta name=\"twitter:label1\" content=\"Gesch\u00e4tzte Lesezeit\" \/>\n\t<meta name=\"twitter:data1\" content=\"11\u00a0Minuten\" \/>\n<script type=\"application\/ld+json\" class=\"yoast-schema-graph\">{\"@context\":\"https:\/\/schema.org\",\"@graph\":[{\"@type\":\"WebPage\",\"@id\":\"https:\/\/chrisandruth.com\/de\/datenschutz\/\",\"url\":\"https:\/\/chrisandruth.com\/de\/datenschutz\/\",\"name\":\"Data Protection - Chris and Ruth Photography\",\"isPartOf\":{\"@id\":\"https:\/\/chrisandruth.com\/#website\"},\"datePublished\":\"2016-01-31T02:21:57+00:00\",\"dateModified\":\"2020-04-13T07:42:28+00:00\",\"breadcrumb\":{\"@id\":\"https:\/\/chrisandruth.com\/de\/datenschutz\/#breadcrumb\"},\"inLanguage\":\"de\",\"potentialAction\":[{\"@type\":\"ReadAction\",\"target\":[\"https:\/\/chrisandruth.com\/de\/datenschutz\/\"]}]},{\"@type\":\"BreadcrumbList\",\"@id\":\"https:\/\/chrisandruth.com\/de\/datenschutz\/#breadcrumb\",\"itemListElement\":[{\"@type\":\"ListItem\",\"position\":1,\"name\":\"Home\",\"item\":\"https:\/\/chrisandruth.com\/de\/\"},{\"@type\":\"ListItem\",\"position\":2,\"name\":\"Data Protection\"}]},{\"@type\":\"WebSite\",\"@id\":\"https:\/\/chrisandruth.com\/#website\",\"url\":\"https:\/\/chrisandruth.com\/\",\"name\":\"Chris and Ruth Photography\",\"description\":\"capturing weddings and adventurous elopements all around the globe\",\"publisher\":{\"@id\":\"https:\/\/chrisandruth.com\/#organization\"},\"potentialAction\":[{\"@type\":\"SearchAction\",\"target\":{\"@type\":\"EntryPoint\",\"urlTemplate\":\"https:\/\/chrisandruth.com\/?s={search_term_string}\"},\"query-input\":{\"@type\":\"PropertyValueSpecification\",\"valueRequired\":true,\"valueName\":\"search_term_string\"}}],\"inLanguage\":\"de\"},{\"@type\":\"Organization\",\"@id\":\"https:\/\/chrisandruth.com\/#organization\",\"name\":\"Chris and Ruth Photography\",\"url\":\"https:\/\/chrisandruth.com\/\",\"logo\":{\"@type\":\"ImageObject\",\"inLanguage\":\"de\",\"@id\":\"https:\/\/chrisandruth.com\/#\/schema\/logo\/image\/\",\"url\":\"https:\/\/chrisandruth.com\/wp-content\/uploads\/2024\/07\/logo-dark.png\",\"contentUrl\":\"https:\/\/chrisandruth.com\/wp-content\/uploads\/2024\/07\/logo-dark.png\",\"width\":484,\"height\":371,\"caption\":\"Chris and Ruth Photography\"},\"image\":{\"@id\":\"https:\/\/chrisandruth.com\/#\/schema\/logo\/image\/\"}}]}<\/script>\n<!-- \/ Yoast SEO plugin. -->","yoast_head_json":{"title":"Data Protection - Chris and Ruth Photography","robots":{"index":"index","follow":"follow","max-snippet":"max-snippet:-1","max-image-preview":"max-image-preview:large","max-video-preview":"max-video-preview:-1"},"canonical":"https:\/\/chrisandruth.com\/de\/datenschutz\/","og_locale":"de_DE","og_type":"article","og_title":"Data Protection - Chris and Ruth Photography","og_description":"Pol\u00edtica de privacidad: Informaci\u00f3n general Los operadores de estas p\u00e1ginas se toman muy en serio la protecci\u00f3n de sus datos personales. Tratamos sus datos personales de forma confidencial y de acuerdo con las normas legales de protecci\u00f3n de datos y esta pol\u00edtica de privacidad. Las siguientes notas ofrecen una descripci\u00f3n general de lo que sucede...","og_url":"https:\/\/chrisandruth.com\/de\/datenschutz\/","og_site_name":"Chris and Ruth Photography","article_modified_time":"2020-04-13T07:42:28+00:00","twitter_card":"summary_large_image","twitter_misc":{"Gesch\u00e4tzte Lesezeit":"11\u00a0Minuten"},"schema":{"@context":"https:\/\/schema.org","@graph":[{"@type":"WebPage","@id":"https:\/\/chrisandruth.com\/de\/datenschutz\/","url":"https:\/\/chrisandruth.com\/de\/datenschutz\/","name":"Data Protection - Chris and Ruth Photography","isPartOf":{"@id":"https:\/\/chrisandruth.com\/#website"},"datePublished":"2016-01-31T02:21:57+00:00","dateModified":"2020-04-13T07:42:28+00:00","breadcrumb":{"@id":"https:\/\/chrisandruth.com\/de\/datenschutz\/#breadcrumb"},"inLanguage":"de","potentialAction":[{"@type":"ReadAction","target":["https:\/\/chrisandruth.com\/de\/datenschutz\/"]}]},{"@type":"BreadcrumbList","@id":"https:\/\/chrisandruth.com\/de\/datenschutz\/#breadcrumb","itemListElement":[{"@type":"ListItem","position":1,"name":"Home","item":"https:\/\/chrisandruth.com\/de\/"},{"@type":"ListItem","position":2,"name":"Data Protection"}]},{"@type":"WebSite","@id":"https:\/\/chrisandruth.com\/#website","url":"https:\/\/chrisandruth.com\/","name":"Chris and Ruth Photography","description":"capturing weddings and adventurous elopements all around the globe","publisher":{"@id":"https:\/\/chrisandruth.com\/#organization"},"potentialAction":[{"@type":"SearchAction","target":{"@type":"EntryPoint","urlTemplate":"https:\/\/chrisandruth.com\/?s={search_term_string}"},"query-input":{"@type":"PropertyValueSpecification","valueRequired":true,"valueName":"search_term_string"}}],"inLanguage":"de"},{"@type":"Organization","@id":"https:\/\/chrisandruth.com\/#organization","name":"Chris and Ruth Photography","url":"https:\/\/chrisandruth.com\/","logo":{"@type":"ImageObject","inLanguage":"de","@id":"https:\/\/chrisandruth.com\/#\/schema\/logo\/image\/","url":"https:\/\/chrisandruth.com\/wp-content\/uploads\/2024\/07\/logo-dark.png","contentUrl":"https:\/\/chrisandruth.com\/wp-content\/uploads\/2024\/07\/logo-dark.png","width":484,"height":371,"caption":"Chris and Ruth Photography"},"image":{"@id":"https:\/\/chrisandruth.com\/#\/schema\/logo\/image\/"}}]}},"taxonomy_info":[],"featured_image_src_large":false,"author_info":{"display_name":"Chris and Ruth","author_link":"https:\/\/chrisandruth.com\/de\/author\/ruth-schmidt\/"},"comment_info":0,"_links":{"self":[{"href":"https:\/\/chrisandruth.com\/de\/wp-json\/wp\/v2\/pages\/24341"}],"collection":[{"href":"https:\/\/chrisandruth.com\/de\/wp-json\/wp\/v2\/pages"}],"about":[{"href":"https:\/\/chrisandruth.com\/de\/wp-json\/wp\/v2\/types\/page"}],"author":[{"embeddable":true,"href":"https:\/\/chrisandruth.com\/de\/wp-json\/wp\/v2\/users\/1"}],"replies":[{"embeddable":true,"href":"https:\/\/chrisandruth.com\/de\/wp-json\/wp\/v2\/comments?post=24341"}],"version-history":[{"count":9,"href":"https:\/\/chrisandruth.com\/de\/wp-json\/wp\/v2\/pages\/24341\/revisions"}],"predecessor-version":[{"id":49988,"href":"https:\/\/chrisandruth.com\/de\/wp-json\/wp\/v2\/pages\/24341\/revisions\/49988"}],"wp:attachment":[{"href":"https:\/\/chrisandruth.com\/de\/wp-json\/wp\/v2\/media?parent=24341"}],"curies":[{"name":"wp","href":"https:\/\/api.w.org\/{rel}","templated":true}]}}